{"id":2097,"date":"2025-01-02T14:54:38","date_gmt":"2025-01-02T13:54:38","guid":{"rendered":"https:\/\/luigi-italie.com\/?page_id=2097"},"modified":"2025-01-02T14:57:23","modified_gmt":"2025-01-02T13:57:23","slug":"luigi-dans-le-dauphine-libere","status":"publish","type":"page","link":"https:\/\/luigi-italie.com\/index.php\/luigi-dans-le-dauphine-libere\/","title":{"rendered":"Luigi dans Le Dauphin\u00e9 Lib\u00e9r\u00e9"},"content":{"rendered":"<p>[et_pb_section fb_built=\u00a0\u00bb1&Prime; theme_builder_area=\u00a0\u00bbpost_content\u00a0\u00bb _builder_version=\u00a0\u00bb4.23.1&Prime; _module_preset=\u00a0\u00bbdefault\u00a0\u00bb][et_pb_row _builder_version=\u00a0\u00bb4.23.1&Prime; _module_preset=\u00a0\u00bbdefault\u00a0\u00bb column_structure=\u00a0\u00bb1_3,1_3,1_3&Prime; theme_builder_area=\u00a0\u00bbpost_content\u00a0\u00bb][et_pb_column _builder_version=\u00a0\u00bb4.23.1&Prime; _module_preset=\u00a0\u00bbdefault\u00a0\u00bb type=\u00a0\u00bb1_3&Prime; theme_builder_area=\u00a0\u00bbpost_content\u00a0\u00bb][\/et_pb_column][et_pb_column _builder_version=\u00a0\u00bb4.23.1&Prime; _module_preset=\u00a0\u00bbdefault\u00a0\u00bb type=\u00a0\u00bb1_3&Prime; theme_builder_area=\u00a0\u00bbpost_content\u00a0\u00bb][et_pb_image src=\u00a0\u00bbhttps:\/\/luigi-italie.com\/wp-content\/uploads\/2025\/01\/Logo_Journal_Le_Dauphine_Libere_-_2022.svg_.png\u00a0\u00bb _builder_version=\u00a0\u00bb4.23.1&Prime; _module_preset=\u00a0\u00bbdefault\u00a0\u00bb theme_builder_area=\u00a0\u00bbpost_content\u00a0\u00bb title_text=\u00a0\u00bbLogo_Journal_Le_Dauphine\u0301_Libe\u0301re\u0301_-_2022.svg\u00a0\u00bb hover_enabled=\u00a0\u00bb0&Prime; sticky_enabled=\u00a0\u00bb0&Prime;][\/et_pb_image][\/et_pb_column][et_pb_column _builder_version=\u00a0\u00bb4.23.1&Prime; _module_preset=\u00a0\u00bbdefault\u00a0\u00bb type=\u00a0\u00bb1_3&Prime; theme_builder_area=\u00a0\u00bbpost_content\u00a0\u00bb][\/et_pb_column][\/et_pb_row][et_pb_row _builder_version=\u00a0\u00bb4.23.1&Prime; _module_preset=\u00a0\u00bbdefault\u00a0\u00bb theme_builder_area=\u00a0\u00bbpost_content\u00a0\u00bb][et_pb_column _builder_version=\u00a0\u00bb4.23.1&Prime; _module_preset=\u00a0\u00bbdefault\u00a0\u00bb type=\u00a0\u00bb4_4&Prime; theme_builder_area=\u00a0\u00bbpost_content\u00a0\u00bb][et_pb_text _builder_version=\u00a0\u00bb4.23.1&Prime; _module_preset=\u00a0\u00bbdefault\u00a0\u00bb theme_builder_area=\u00a0\u00bbpost_content\u00a0\u00bb text_text_color=\u00a0\u00bb#E02B20&Prime; text_font_size=\u00a0\u00bb14px\u00a0\u00bb hover_enabled=\u00a0\u00bb0&Prime; sticky_enabled=\u00a0\u00bb0&Prime;]<\/p>\n<p><strong>Annecy<\/strong><\/p>\n<p>[\/et_pb_text][et_pb_text _builder_version=\u00a0\u00bb4.23.1&Prime; _module_preset=\u00a0\u00bbdefault\u00a0\u00bb theme_builder_area=\u00a0\u00bbpost_content\u00a0\u00bb text_text_color=\u00a0\u00bb#E02B20&Prime; text_font_size=\u00a0\u00bb14px\u00a0\u00bb hover_enabled=\u00a0\u00bb0&Prime; sticky_enabled=\u00a0\u00bb0&Prime; text_font=\u00a0\u00bb|800|||||||\u00a0\u00bb header_font=\u00a0\u00bb|700||on|||||\u00a0\u00bb custom_margin=\u00a0\u00bb-24px||||false|false\u00a0\u00bb]<\/p>\n<h1>Avec l&rsquo;entreprise Luigi, Lucas Stinzy reprend le flambeau familial<\/h1>\n<p>[\/et_pb_text][et_pb_text _builder_version=\u00a0\u00bb4.23.1&Prime; _module_preset=\u00a0\u00bbdefault\u00a0\u00bb theme_builder_area=\u00a0\u00bbpost_content\u00a0\u00bb hover_enabled=\u00a0\u00bb0&Prime; sticky_enabled=\u00a0\u00bb0&Prime; custom_margin=\u00a0\u00bb-15px||||false|false\u00a0\u00bb]<\/p>\n<p><span>Avec sa famille bas\u00e9e en Italie, Lucas Stinzy a cr\u00e9\u00e9 Luigi, une petite entreprise sp\u00e9cialis\u00e9e dans la distribution de produits d\u2019exception, huiles d\u2019olive et caf\u00e9. Produits qu\u2019il livre en Vespa \u00e0 Annecy et dans sa r\u00e9gion.<\/span><\/p>\n<p>[\/et_pb_text][et_pb_text _builder_version=\u00a0\u00bb4.23.1&Prime; _module_preset=\u00a0\u00bbdefault\u00a0\u00bb theme_builder_area=\u00a0\u00bbpost_content\u00a0\u00bb text_font_size=\u00a0\u00bb13px\u00a0\u00bb custom_margin=\u00a0\u00bb-14px||||false|false\u00a0\u00bb hover_enabled=\u00a0\u00bb0&Prime; sticky_enabled=\u00a0\u00bb0&Prime; text_line_height=\u00a0\u00bb1.4em\u00a0\u00bb]<\/p>\n<p><strong><span class=\"author\">Isabelle Davier<\/span><\/strong><span> &#8211; <\/span><span class=\"publish\">23 d\u00e9c. 2024 \u00e0 14:32 | mis \u00e0 jour le 23 d\u00e9c. 2024 \u00e0 14:41 &#8211; Temps de lecture : <span id=\"readingTime\">2 min<br \/><\/span><\/span><span class=\"publish\"><span><\/span><\/span><\/p>\n<p>[\/et_pb_text][\/et_pb_column][\/et_pb_row][et_pb_row _builder_version=\u00a0\u00bb4.23.1&Prime; _module_preset=\u00a0\u00bbdefault\u00a0\u00bb column_structure=\u00a0\u00bb1_3,1_3,1_3&Prime; theme_builder_area=\u00a0\u00bbpost_content\u00a0\u00bb][et_pb_column _builder_version=\u00a0\u00bb4.23.1&Prime; _module_preset=\u00a0\u00bbdefault\u00a0\u00bb type=\u00a0\u00bb1_3&Prime; theme_builder_area=\u00a0\u00bbpost_content\u00a0\u00bb][\/et_pb_column][et_pb_column _builder_version=\u00a0\u00bb4.23.1&Prime; _module_preset=\u00a0\u00bbdefault\u00a0\u00bb type=\u00a0\u00bb1_3&Prime; theme_builder_area=\u00a0\u00bbpost_content\u00a0\u00bb][et_pb_image src=\u00a0\u00bbhttps:\/\/luigi-italie.com\/wp-content\/uploads\/2025\/01\/lucas-stinzy-fondateur-et-petit-fils-de-luigi-photo-luigi-1734976832.jpg\u00a0\u00bb _builder_version=\u00a0\u00bb4.23.1&Prime; _module_preset=\u00a0\u00bbdefault\u00a0\u00bb theme_builder_area=\u00a0\u00bbpost_content\u00a0\u00bb alt=\u00a0\u00bbLucas &#8211; Fondateur et petit fils de Luigi\u00a0\u00bb title_text=\u00a0\u00bblucas-stinzy-fondateur-(et-petit-fils)-de-luigi-photo-luigi-1734976832&Prime; hover_enabled=\u00a0\u00bb0&Prime; sticky_enabled=\u00a0\u00bb0&Prime;][\/et_pb_image][\/et_pb_column][et_pb_column _builder_version=\u00a0\u00bb4.23.1&Prime; _module_preset=\u00a0\u00bbdefault\u00a0\u00bb type=\u00a0\u00bb1_3&Prime; theme_builder_area=\u00a0\u00bbpost_content\u00a0\u00bb][\/et_pb_column][\/et_pb_row][et_pb_row _builder_version=\u00a0\u00bb4.23.1&Prime; _module_preset=\u00a0\u00bbdefault\u00a0\u00bb theme_builder_area=\u00a0\u00bbpost_content\u00a0\u00bb][et_pb_column _builder_version=\u00a0\u00bb4.23.1&Prime; _module_preset=\u00a0\u00bbdefault\u00a0\u00bb type=\u00a0\u00bb4_4&Prime; theme_builder_area=\u00a0\u00bbpost_content\u00a0\u00bb][et_pb_text _builder_version=\u00a0\u00bb4.23.1&Prime; _module_preset=\u00a0\u00bbdefault\u00a0\u00bb theme_builder_area=\u00a0\u00bbpost_content\u00a0\u00bb hover_enabled=\u00a0\u00bb0&Prime; sticky_enabled=\u00a0\u00bb0&Prime;]<\/p>\n<p><span>Dans sa vie d\u2019avant, Lucas Stinzy \u00e9tait \u00e0 la t\u00eate de Perfect Ride, une petite entreprise proposant l&rsquo;entretien de skis \u00e0 domicile.<\/span><span> Une activit\u00e9 qui n\u2019a pas surv\u00e9cu au coup d\u2019arr\u00eat Covid. Pas de quoi d\u00e9courager cet Ann\u00e9cien d\u2019adoption, entrepreneur dans l\u2019\u00e2me. Il s\u2019est lanc\u00e9 dans une nouvelle aventure en lien direct avec sa famille bas\u00e9e en Italie<\/span><\/p>\n<p>[\/et_pb_text][et_pb_text _builder_version=\u00a0\u00bb4.23.1&Prime; _module_preset=\u00a0\u00bbdefault\u00a0\u00bb theme_builder_area=\u00a0\u00bbpost_content\u00a0\u00bb hover_enabled=\u00a0\u00bb0&Prime; sticky_enabled=\u00a0\u00bb0&Prime; text_font=\u00a0\u00bb|||on|||||\u00a0\u00bb text_font_size=\u00a0\u00bb18px\u00a0\u00bb]<\/p>\n<p class=\"rel\"><strong>En hommage \u00e0 Luigi, son grand-p\u00e8re<\/strong><\/p>\n<p>[\/et_pb_text][et_pb_text _builder_version=\u00a0\u00bb4.23.1&Prime; _module_preset=\u00a0\u00bbdefault\u00a0\u00bb theme_builder_area=\u00a0\u00bbpost_content\u00a0\u00bb hover_enabled=\u00a0\u00bb0&Prime; sticky_enabled=\u00a0\u00bb0&Prime;]<\/p>\n<div class=\"textComponent element${numberComponents}\">\n<p>\u00ab J\u2019ai cr\u00e9\u00e9 Luigi \u00e0 Annecy en mars 2024 mais la gen\u00e8se de ce projet remonte \u00e0 2019. C\u2019est une petite entreprise sp\u00e9cialis\u00e9e dans la distribution de deux produits typiques de l\u2019Italie : l\u2019huile d\u2019olive et le caf\u00e9. Luigi, c\u2019est le pr\u00e9nom de mon grand-p\u00e8re. Il est arriv\u00e9 en France quand il avait 11 ans, en 1947, \u00e0 une \u00e9poque compliqu\u00e9e \u00e9conomiquement en Italie. Il a d\u00e9but\u00e9 sa carri\u00e8re en cr\u00e9ant une entreprise de transport entre la France et l\u2019Italie. Avant la guerre, son p\u00e8re (mon arri\u00e8re-grand-p\u00e8re), faisait du commerce d\u2019huiles d\u2019olive, de fruits et de l\u00e9gumes. J\u2019ai cr\u00e9\u00e9 Luigi dans la continuit\u00e9 de cette histoire familiale, j\u2019avais besoin de donner du sens \u00e0 ce que je voulais faire et de garder le contact avec ma famille en Italie \u00bb, explique Lucas Stinzy.<br \/><span style=\"font-size: 16px;\">\u00a0<\/span><\/p>\n<\/div>\n<div class=\"textComponent element${numberComponents}\">\n<p>Sur son site internet, www.luigi-italie.com, il propose aux amateurs des produits d\u2019exception, des huiles d\u2019olive premium, bio et grand cru et des caf\u00e9s. \u00ab\u00a0Nous torr\u00e9fions \u00e0 l\u2019italienne, de mani\u00e8re artisanale, \u00e0 la demande et en petite quantit\u00e9, du caf\u00e9 que nous s\u00e9lectionnons en fonction de son origine, sa qualit\u00e9 et sa tra\u00e7abilit\u00e9. Il provient d\u2019\u00c9thiopie gr\u00e2ce \u00e0 un partenaire qui fait travailler des petits producteurs justement r\u00e9mun\u00e9r\u00e9s\u00a0\u00bb, pr\u00e9cise-t-il. Il cible les amateurs de caf\u00e9 \u00ab\u00a0comme on les boit en Italie, avec un mode de torr\u00e9faction particulier et un go\u00fbt prononc\u00e9 fort en bouche\u00a0\u00bb. Et pour aller plus loin dans cette invitation au voyage, il propose -quand la m\u00e9t\u00e9o le permet- la livraison de ses produits en Vespa, \u00e0 Annecy et autour.<\/p>\n<\/div>\n<p>[\/et_pb_text][et_pb_text _builder_version=\u00a0\u00bb4.23.1&Prime; _module_preset=\u00a0\u00bbdefault\u00a0\u00bb theme_builder_area=\u00a0\u00bbpost_content\u00a0\u00bb hover_enabled=\u00a0\u00bb0&Prime; sticky_enabled=\u00a0\u00bb0&Prime; text_font=\u00a0\u00bb|||on|||||\u00a0\u00bb text_font_size=\u00a0\u00bb18px\u00a0\u00bb]<\/p>\n<p class=\"rel\"><strong>\u00ab\u00a0Je fais ce que ma famille faisait avant de quitter l\u2019Italie\u00a0\u00bb<\/strong><\/p>\n<p>[\/et_pb_text][et_pb_text _builder_version=\u00a0\u00bb4.23.1&Prime; _module_preset=\u00a0\u00bbdefault\u00a0\u00bb theme_builder_area=\u00a0\u00bbpost_content\u00a0\u00bb hover_enabled=\u00a0\u00bb0&Prime; sticky_enabled=\u00a0\u00bb0&Prime;]<\/p>\n<div class=\"textComponent element${numberComponents}\">\n<p><span>De l\u2019artisanal et du haut de gamme, c\u2019est aussi ce qu\u2019il privil\u00e9gie pour les huiles d\u2019olive qu\u2019il propose sur son site. \u00ab\u00a0Avec une de mes cousines qui vit au sud de Turin, nous avons d\u00e9nich\u00e9 de l\u2019huile d\u2019olive artisanale, produite en petite quantit\u00e9 pour une qualit\u00e9 exceptionnelle \u00e0 partir d\u2019une des vari\u00e9t\u00e9s d\u2019olives les plus r\u00e9put\u00e9es, la taggiasca. Et nous proposons aussi un grand cru, une huile conditionn\u00e9e dans des bouteilles num\u00e9rot\u00e9es et distribu\u00e9e par seulement quelques revendeurs dans le monde. Comme pour les grands crus du vin\u00a0\u00bb, ajoute Lucas Stinzy, fier de partager cette excellence. Et de poursuivre l\u2019histoire familiale. \u00ab\u00a0Je fais ce que ma famille faisait avant de quitter l\u2019Italie, \u00e0 pieds, juste avec une valise\u2026\u00a0\u00bb<\/span><\/p>\n<\/div>\n<p>[\/et_pb_text][et_pb_text _builder_version=\u00a0\u00bb4.23.1&Prime; _module_preset=\u00a0\u00bbdefault\u00a0\u00bb theme_builder_area=\u00a0\u00bbpost_content\u00a0\u00bb text_font_size=\u00a0\u00bb13px\u00a0\u00bb custom_margin=\u00a0\u00bb||||false|false\u00a0\u00bb hover_enabled=\u00a0\u00bb0&Prime; sticky_enabled=\u00a0\u00bb0&Prime; text_line_height=\u00a0\u00bb1.4em\u00a0\u00bb]<\/p>\n<p><em><a href=\"https:\/\/www.ledauphine.com\/economie\/2024\/12\/23\/avec-l-entreprise-luigi-lucas-stinzy-reprend-le-flambeau-familial\"><span class=\"publish\"><span id=\"readingTime\">https:\/\/www.ledauphine.com\/economie\/2024\/12\/23\/avec-l-entreprise-luigi-lucas-stinzy-reprend-le-flambeau-familial<\/span><\/span><\/a><\/em><span class=\"publish\"><span><\/span><\/span><\/p>\n<p>[\/et_pb_text][\/et_pb_column][\/et_pb_row][\/et_pb_section]<\/p>\n","protected":false},"excerpt":{"rendered":"<p>AnnecyAvec l&rsquo;entreprise Luigi, Lucas Stinzy reprend le flambeau familialAvec sa famille bas\u00e9e en Italie, Lucas Stinzy a cr\u00e9\u00e9 Luigi, une petite entreprise sp\u00e9cialis\u00e9e dans la distribution de produits d\u2019exception, huiles d\u2019olive et caf\u00e9. Produits qu\u2019il livre en Vespa \u00e0 Annecy et dans sa r\u00e9gion.Isabelle Davier &#8211; 23 d\u00e9c. 2024 \u00e0 14:32 | mis \u00e0 jour [&hellip;]<\/p>\n","protected":false},"author":1,"featured_media":0,"parent":0,"menu_order":0,"comment_status":"closed","ping_status":"closed","template":"","meta":{"_et_pb_use_builder":"on","_et_pb_old_content":"","_et_gb_content_width":"","footnotes":""},"class_list":["post-2097","page","type-page","status-publish","hentry"],"yoast_head":"<!-- This site is optimized with the Yoast SEO plugin v20.12 - https:\/\/yoast.com\/wordpress\/plugins\/seo\/ -->\n<title>Luigi dans Le Dauphin\u00e9 Lib\u00e9r\u00e9 - Luigi-Italie<\/title>\n<meta name=\"robots\" content=\"index, follow, max-snippet:-1, max-image-preview:large, max-video-preview:-1\" \/>\n<link rel=\"canonical\" href=\"https:\/\/luigi-italie.com\/index.php\/luigi-dans-le-dauphine-libere\/\" \/>\n<meta property=\"og:locale\" content=\"fr_FR\" \/>\n<meta property=\"og:type\" content=\"article\" \/>\n<meta property=\"og:title\" content=\"Luigi dans Le Dauphin\u00e9 Lib\u00e9r\u00e9 - Luigi-Italie\" \/>\n<meta property=\"og:description\" content=\"AnnecyAvec l&#039;entreprise Luigi, Lucas Stinzy reprend le flambeau familialAvec sa famille bas\u00e9e en Italie, Lucas Stinzy a cr\u00e9\u00e9 Luigi, une petite entreprise sp\u00e9cialis\u00e9e dans la distribution de produits d\u2019exception, huiles d\u2019olive et caf\u00e9. Produits qu\u2019il livre en Vespa \u00e0 Annecy et dans sa r\u00e9gion.Isabelle Davier - 23 d\u00e9c. 2024 \u00e0 14:32 | mis \u00e0 jour [&hellip;]\" \/>\n<meta property=\"og:url\" content=\"https:\/\/luigi-italie.com\/index.php\/luigi-dans-le-dauphine-libere\/\" \/>\n<meta property=\"og:site_name\" content=\"Luigi-Italie\" \/>\n<meta property=\"article:modified_time\" content=\"2025-01-02T13:57:23+00:00\" \/>\n<meta property=\"og:image\" content=\"https:\/\/luigi-italie.com\/wp-content\/uploads\/2024\/02\/Image-Site-Luigi.png\" \/>\n\t<meta property=\"og:image:width\" content=\"1446\" \/>\n\t<meta property=\"og:image:height\" content=\"769\" \/>\n\t<meta property=\"og:image:type\" content=\"image\/png\" \/>\n<meta name=\"twitter:card\" content=\"summary_large_image\" \/>\n<script type=\"application\/ld+json\" class=\"yoast-schema-graph\">{\"@context\":\"https:\/\/schema.org\",\"@graph\":[{\"@type\":\"WebPage\",\"@id\":\"https:\/\/luigi-italie.com\/index.php\/luigi-dans-le-dauphine-libere\/\",\"url\":\"https:\/\/luigi-italie.com\/index.php\/luigi-dans-le-dauphine-libere\/\",\"name\":\"Luigi dans Le Dauphin\u00e9 Lib\u00e9r\u00e9 - Luigi-Italie\",\"isPartOf\":{\"@id\":\"https:\/\/luigi-italie.com\/#website\"},\"datePublished\":\"2025-01-02T13:54:38+00:00\",\"dateModified\":\"2025-01-02T13:57:23+00:00\",\"breadcrumb\":{\"@id\":\"https:\/\/luigi-italie.com\/index.php\/luigi-dans-le-dauphine-libere\/#breadcrumb\"},\"inLanguage\":\"fr-FR\",\"potentialAction\":[{\"@type\":\"ReadAction\",\"target\":[\"https:\/\/luigi-italie.com\/index.php\/luigi-dans-le-dauphine-libere\/\"]}]},{\"@type\":\"BreadcrumbList\",\"@id\":\"https:\/\/luigi-italie.com\/index.php\/luigi-dans-le-dauphine-libere\/#breadcrumb\",\"itemListElement\":[{\"@type\":\"ListItem\",\"position\":1,\"name\":\"Accueil\",\"item\":\"https:\/\/luigi-italie.com\/\"},{\"@type\":\"ListItem\",\"position\":2,\"name\":\"Luigi dans Le Dauphin\u00e9 Lib\u00e9r\u00e9\"}]},{\"@type\":\"WebSite\",\"@id\":\"https:\/\/luigi-italie.com\/#website\",\"url\":\"https:\/\/luigi-italie.com\/\",\"name\":\"Luigi-Italie\",\"description\":\"Torrefazione di caff\u00e8 e olio d&#039;oliva\",\"publisher\":{\"@id\":\"https:\/\/luigi-italie.com\/#organization\"},\"alternateName\":\"Luigi Italie\",\"potentialAction\":[{\"@type\":\"SearchAction\",\"target\":{\"@type\":\"EntryPoint\",\"urlTemplate\":\"https:\/\/luigi-italie.com\/?s={search_term_string}\"},\"query-input\":\"required name=search_term_string\"}],\"inLanguage\":\"fr-FR\"},{\"@type\":\"Organization\",\"@id\":\"https:\/\/luigi-italie.com\/#organization\",\"name\":\"Luigi-Italie\",\"url\":\"https:\/\/luigi-italie.com\/\",\"logo\":{\"@type\":\"ImageObject\",\"inLanguage\":\"fr-FR\",\"@id\":\"https:\/\/luigi-italie.com\/#\/schema\/logo\/image\/\",\"url\":\"https:\/\/luigi-italie.com\/wp-content\/uploads\/2023\/08\/LUIGI_CAFE_LOGO_SIMPLE.png\",\"contentUrl\":\"https:\/\/luigi-italie.com\/wp-content\/uploads\/2023\/08\/LUIGI_CAFE_LOGO_SIMPLE.png\",\"width\":378,\"height\":369,\"caption\":\"Luigi-Italie\"},\"image\":{\"@id\":\"https:\/\/luigi-italie.com\/#\/schema\/logo\/image\/\"}}]}<\/script>\n<!-- \/ Yoast SEO plugin. -->","yoast_head_json":{"title":"Luigi dans Le Dauphin\u00e9 Lib\u00e9r\u00e9 - Luigi-Italie","robots":{"index":"index","follow":"follow","max-snippet":"max-snippet:-1","max-image-preview":"max-image-preview:large","max-video-preview":"max-video-preview:-1"},"canonical":"https:\/\/luigi-italie.com\/index.php\/luigi-dans-le-dauphine-libere\/","og_locale":"fr_FR","og_type":"article","og_title":"Luigi dans Le Dauphin\u00e9 Lib\u00e9r\u00e9 - Luigi-Italie","og_description":"AnnecyAvec l'entreprise Luigi, Lucas Stinzy reprend le flambeau familialAvec sa famille bas\u00e9e en Italie, Lucas Stinzy a cr\u00e9\u00e9 Luigi, une petite entreprise sp\u00e9cialis\u00e9e dans la distribution de produits d\u2019exception, huiles d\u2019olive et caf\u00e9. Produits qu\u2019il livre en Vespa \u00e0 Annecy et dans sa r\u00e9gion.Isabelle Davier - 23 d\u00e9c. 2024 \u00e0 14:32 | mis \u00e0 jour [&hellip;]","og_url":"https:\/\/luigi-italie.com\/index.php\/luigi-dans-le-dauphine-libere\/","og_site_name":"Luigi-Italie","article_modified_time":"2025-01-02T13:57:23+00:00","og_image":[{"width":1446,"height":769,"url":"https:\/\/luigi-italie.com\/wp-content\/uploads\/2024\/02\/Image-Site-Luigi.png","type":"image\/png"}],"twitter_card":"summary_large_image","schema":{"@context":"https:\/\/schema.org","@graph":[{"@type":"WebPage","@id":"https:\/\/luigi-italie.com\/index.php\/luigi-dans-le-dauphine-libere\/","url":"https:\/\/luigi-italie.com\/index.php\/luigi-dans-le-dauphine-libere\/","name":"Luigi dans Le Dauphin\u00e9 Lib\u00e9r\u00e9 - Luigi-Italie","isPartOf":{"@id":"https:\/\/luigi-italie.com\/#website"},"datePublished":"2025-01-02T13:54:38+00:00","dateModified":"2025-01-02T13:57:23+00:00","breadcrumb":{"@id":"https:\/\/luigi-italie.com\/index.php\/luigi-dans-le-dauphine-libere\/#breadcrumb"},"inLanguage":"fr-FR","potentialAction":[{"@type":"ReadAction","target":["https:\/\/luigi-italie.com\/index.php\/luigi-dans-le-dauphine-libere\/"]}]},{"@type":"BreadcrumbList","@id":"https:\/\/luigi-italie.com\/index.php\/luigi-dans-le-dauphine-libere\/#breadcrumb","itemListElement":[{"@type":"ListItem","position":1,"name":"Accueil","item":"https:\/\/luigi-italie.com\/"},{"@type":"ListItem","position":2,"name":"Luigi dans Le Dauphin\u00e9 Lib\u00e9r\u00e9"}]},{"@type":"WebSite","@id":"https:\/\/luigi-italie.com\/#website","url":"https:\/\/luigi-italie.com\/","name":"Luigi-Italie","description":"Torrefazione di caff\u00e8 e olio d&#039;oliva","publisher":{"@id":"https:\/\/luigi-italie.com\/#organization"},"alternateName":"Luigi Italie","potentialAction":[{"@type":"SearchAction","target":{"@type":"EntryPoint","urlTemplate":"https:\/\/luigi-italie.com\/?s={search_term_string}"},"query-input":"required name=search_term_string"}],"inLanguage":"fr-FR"},{"@type":"Organization","@id":"https:\/\/luigi-italie.com\/#organization","name":"Luigi-Italie","url":"https:\/\/luigi-italie.com\/","logo":{"@type":"ImageObject","inLanguage":"fr-FR","@id":"https:\/\/luigi-italie.com\/#\/schema\/logo\/image\/","url":"https:\/\/luigi-italie.com\/wp-content\/uploads\/2023\/08\/LUIGI_CAFE_LOGO_SIMPLE.png","contentUrl":"https:\/\/luigi-italie.com\/wp-content\/uploads\/2023\/08\/LUIGI_CAFE_LOGO_SIMPLE.png","width":378,"height":369,"caption":"Luigi-Italie"},"image":{"@id":"https:\/\/luigi-italie.com\/#\/schema\/logo\/image\/"}}]}},"_links":{"self":[{"href":"https:\/\/luigi-italie.com\/index.php\/wp-json\/wp\/v2\/pages\/2097","targetHints":{"allow":["GET"]}}],"collection":[{"href":"https:\/\/luigi-italie.com\/index.php\/wp-json\/wp\/v2\/pages"}],"about":[{"href":"https:\/\/luigi-italie.com\/index.php\/wp-json\/wp\/v2\/types\/page"}],"author":[{"embeddable":true,"href":"https:\/\/luigi-italie.com\/index.php\/wp-json\/wp\/v2\/users\/1"}],"replies":[{"embeddable":true,"href":"https:\/\/luigi-italie.com\/index.php\/wp-json\/wp\/v2\/comments?post=2097"}],"version-history":[{"count":3,"href":"https:\/\/luigi-italie.com\/index.php\/wp-json\/wp\/v2\/pages\/2097\/revisions"}],"predecessor-version":[{"id":2103,"href":"https:\/\/luigi-italie.com\/index.php\/wp-json\/wp\/v2\/pages\/2097\/revisions\/2103"}],"wp:attachment":[{"href":"https:\/\/luigi-italie.com\/index.php\/wp-json\/wp\/v2\/media?parent=2097"}],"curies":[{"name":"wp","href":"https:\/\/api.w.org\/{rel}","templated":true}]}}